{"id":606,"date":"2024-09-26T15:38:59","date_gmt":"2024-09-26T13:38:59","guid":{"rendered":"https:\/\/popcorne-boutique.com\/?post_type=product&#038;p=606"},"modified":"2024-10-12T13:31:56","modified_gmt":"2024-10-12T11:31:56","slug":"dessous-de-tasse-fleur-punch-needle","status":"publish","type":"product","link":"https:\/\/popcorne-boutique.com\/index.php\/produit\/dessous-de-tasse-fleur-punch-needle\/","title":{"rendered":"Dessous de tasse Fleur"},"content":{"rendered":"<p>Dessous de tasse r\u00e9alis\u00e9 avec la technique du punch needle point par point \u00e0 la main.<br \/>\nD\u00e9coration collection printemps 2024.<\/p>\n<p>R\u00e9alis\u00e9 avec amour \u2665<\/p>\n<h4>Information avant achat<\/h4>\n<p>Les tissus utilis\u00e9s pour r\u00e9aliser mes cr\u00e9ations sont issus de dons, de seconde main, ou de d\u00e9chets de production : ils peuvent donc comporter des d\u00e9colorations, inscriptions, d\u00e9faut de motifs ou de l&rsquo;usure.<\/p>\n<p>Cet article est destin\u00e9 \u00e0 un public adulte et ne r\u00e9pond pas aux normes de s\u00e9curit\u00e9 r\u00e9glementaires pour les enfants.<\/p>\n<h4><!--more--><strong>Conseils d&rsquo;entretien<br \/>\n<\/strong><\/h4>\n<p>Nettoyage \u00e0 la main \/ ne pas immerger \/ ne pas laver en machine.<br \/>\nNe pas repasser \/ ne pas laisser tremper \/ ne pas mettre au s\u00e8che-linge.<\/p>\n<p>Pour toute question suppl\u00e9mentaire sur le produit, ou pour passer une commande personnalis\u00e9e, n&rsquo;h\u00e9sitez pas \u00e0 me contacter via la rubrique <a href=\"https:\/\/popcorne-boutique.com\/index.php\/contact\/\">Contact<\/a>.<br \/>\n<em>Cet article est vendu \u00e0 l&rsquo;unit\u00e9 : pour un prix de lot, contactez-moi !<\/em><\/p>\n","protected":false},"excerpt":{"rendered":"<p>Dessous de tasse r\u00e9alis\u00e9 avec la technique du punch needle point par point \u00e0 la main. D\u00e9coration collection printemps 2024. R\u00e9alis\u00e9 avec amour \u2665 Information avant achat Les tissus utilis\u00e9s pour r\u00e9aliser mes cr\u00e9ations sont issus de dons, de seconde main, ou de d\u00e9chets de production : ils peuvent donc comporter des d\u00e9colorations, inscriptions, d\u00e9faut [&hellip;]<\/p>\n","protected":false},"featured_media":616,"comment_status":"open","ping_status":"closed","template":"","meta":{"ocean_post_layout":"full-width","ocean_both_sidebars_style":"","ocean_both_sidebars_content_width":0,"ocean_both_sidebars_sidebars_width":0,"ocean_sidebar":"0","ocean_second_sidebar":"0","ocean_disable_margins":"enable","ocean_add_body_class":"","ocean_shortcode_before_top_bar":"","ocean_shortcode_after_top_bar":"","ocean_shortcode_before_header":"","ocean_shortcode_after_header":"","ocean_has_shortcode":"","ocean_shortcode_after_title":"","ocean_shortcode_before_footer_widgets":"","ocean_shortcode_after_footer_widgets":"","ocean_shortcode_before_footer_bottom":"","ocean_shortcode_after_footer_bottom":"","ocean_display_top_bar":"default","ocean_display_header":"default","ocean_header_style":"","ocean_center_header_left_menu":"0","ocean_custom_header_template":"0","ocean_custom_logo":0,"ocean_custom_retina_logo":0,"ocean_custom_logo_max_width":0,"ocean_custom_logo_tablet_max_width":0,"ocean_custom_logo_mobile_max_width":0,"ocean_custom_logo_max_height":0,"ocean_custom_logo_tablet_max_height":0,"ocean_custom_logo_mobile_max_height":0,"ocean_header_custom_menu":"0","ocean_menu_typo_font_family":"0","ocean_menu_typo_font_subset":"","ocean_menu_typo_font_size":0,"ocean_menu_typo_font_size_tablet":0,"ocean_menu_typo_font_size_mobile":0,"ocean_menu_typo_font_size_unit":"px","ocean_menu_typo_font_weight":"","ocean_menu_typo_font_weight_tablet":"","ocean_menu_typo_font_weight_mobile":"","ocean_menu_typo_transform":"","ocean_menu_typo_transform_tablet":"","ocean_menu_typo_transform_mobile":"","ocean_menu_typo_line_height":0,"ocean_menu_typo_line_height_tablet":0,"ocean_menu_typo_line_height_mobile":0,"ocean_menu_typo_line_height_unit":"","ocean_menu_typo_spacing":0,"ocean_menu_typo_spacing_tablet":0,"ocean_menu_typo_spacing_mobile":0,"ocean_menu_typo_spacing_unit":"","ocean_menu_link_color":"","ocean_menu_link_color_hover":"","ocean_menu_link_color_active":"","ocean_menu_link_background":"","ocean_menu_link_hover_background":"","ocean_menu_link_active_background":"","ocean_menu_social_links_bg":"","ocean_menu_social_hover_links_bg":"","ocean_menu_social_links_color":"","ocean_menu_social_hover_links_color":"","ocean_disable_title":"default","ocean_disable_heading":"default","ocean_post_title":"","ocean_post_subheading":"","ocean_post_title_style":"","ocean_post_title_background_color":"","ocean_post_title_background":0,"ocean_post_title_bg_image_position":"","ocean_post_title_bg_image_attachment":"","ocean_post_title_bg_image_repeat":"","ocean_post_title_bg_image_size":"","ocean_post_title_height":0,"ocean_post_title_bg_overlay":0.5,"ocean_post_title_bg_overlay_color":"","ocean_disable_breadcrumbs":"default","ocean_breadcrumbs_color":"","ocean_breadcrumbs_separator_color":"","ocean_breadcrumbs_links_color":"","ocean_breadcrumbs_links_hover_color":"","ocean_display_footer_widgets":"default","ocean_display_footer_bottom":"default","ocean_custom_footer_template":"0"},"product_brand":[],"product_cat":[114,51,48],"product_tag":[111,112,76,113],"class_list":{"0":"post-606","1":"product","2":"type-product","3":"status-publish","4":"has-post-thumbnail","6":"product_cat-dessous-de-tasse-fait-main-punch-needle","7":"product_cat-articles-maison-et-decoration","8":"product_cat-accessoires-vetement-decorations-printemps-fleuri","9":"product_tag-decoration","10":"product_tag-dessous-de-tasse","11":"product_tag-fait-main","12":"product_tag-fleur","13":"product_shipping_class-colis-leger","15":"entry","16":"has-media","18":"first","19":"instock","20":"shipping-taxable","21":"purchasable","22":"product-type-variable","23":"has-product-nav","24":"col","25":"span_1_of_5","26":"owp-content-center","27":"owp-thumbs-layout-horizontal","28":"owp-btn-normal","29":"owp-tabs-layout-horizontal"},"yoast_head":"<!-- This site is optimized with the Yoast SEO plugin v24.3 - https:\/\/yoast.com\/wordpress\/plugins\/seo\/ -->\n<title>\ud83c\udf37 Dessous de tasse Fleur - Popcorne Dessous de tasse color\u00e9 et fluffy<\/title>\n<meta name=\"description\" content=\"D\u00e9coration pour la maison : Dessous de tasse en forme de fleur r\u00e9alis\u00e9 avec la technique du punch needle. Plusieurs coloris disponibles.\" \/>\n<meta name=\"robots\" content=\"index, follow, max-snippet:-1, max-image-preview:large, max-video-preview:-1\" \/>\n<link rel=\"canonical\" href=\"https:\/\/popcorne-boutique.com\/index.php\/produit\/dessous-de-tasse-fleur-punch-needle\/\" \/>\n<meta property=\"og:locale\" content=\"fr_FR\" \/>\n<meta property=\"og:type\" content=\"article\" \/>\n<meta property=\"og:title\" content=\"\ud83c\udf37 Dessous de tasse Fleur - Popcorne Dessous de tasse color\u00e9 et fluffy\" \/>\n<meta property=\"og:description\" content=\"D\u00e9coration pour la maison : Dessous de tasse en forme de fleur r\u00e9alis\u00e9 avec la technique du punch needle. Plusieurs coloris disponibles.\" \/>\n<meta property=\"og:url\" content=\"https:\/\/popcorne-boutique.com\/index.php\/produit\/dessous-de-tasse-fleur-punch-needle\/\" \/>\n<meta property=\"og:site_name\" content=\"Popcorne\" \/>\n<meta property=\"article:modified_time\" content=\"2024-10-12T11:31:56+00:00\" \/>\n<meta property=\"og:image\" content=\"https:\/\/popcorne-boutique.com\/wp-content\/uploads\/2024\/09\/1000002141-819x1024.png\" \/>\n\t<meta property=\"og:image:width\" content=\"819\" \/>\n\t<meta property=\"og:image:height\" content=\"1024\" \/>\n\t<meta property=\"og:image:type\" content=\"image\/png\" \/>\n<meta name=\"twitter:card\" content=\"summary_large_image\" \/>\n<meta name=\"twitter:label1\" content=\"Dur\u00e9e de lecture estim\u00e9e\" \/>\n\t<meta name=\"twitter:data1\" content=\"1 minute\" \/>\n<script type=\"application\/ld+json\" class=\"yoast-schema-graph\">{\"@context\":\"https:\/\/schema.org\",\"@graph\":[{\"@type\":\"WebPage\",\"@id\":\"https:\/\/popcorne-boutique.com\/index.php\/produit\/dessous-de-tasse-fleur-punch-needle\/\",\"url\":\"https:\/\/popcorne-boutique.com\/index.php\/produit\/dessous-de-tasse-fleur-punch-needle\/\",\"name\":\"\ud83c\udf37 Dessous de tasse Fleur - Popcorne Dessous de tasse color\u00e9 et fluffy\",\"isPartOf\":{\"@id\":\"https:\/\/popcorne-boutique.com\/#website\"},\"primaryImageOfPage\":{\"@id\":\"https:\/\/popcorne-boutique.com\/index.php\/produit\/dessous-de-tasse-fleur-punch-needle\/#primaryimage\"},\"image\":{\"@id\":\"https:\/\/popcorne-boutique.com\/index.php\/produit\/dessous-de-tasse-fleur-punch-needle\/#primaryimage\"},\"thumbnailUrl\":\"https:\/\/popcorne-boutique.com\/wp-content\/uploads\/2024\/09\/1000002141.png\",\"datePublished\":\"2024-09-26T13:38:59+00:00\",\"dateModified\":\"2024-10-12T11:31:56+00:00\",\"description\":\"D\u00e9coration pour la maison : Dessous de tasse en forme de fleur r\u00e9alis\u00e9 avec la technique du punch needle. Plusieurs coloris disponibles.\",\"breadcrumb\":{\"@id\":\"https:\/\/popcorne-boutique.com\/index.php\/produit\/dessous-de-tasse-fleur-punch-needle\/#breadcrumb\"},\"inLanguage\":\"fr-FR\",\"potentialAction\":[{\"@type\":\"ReadAction\",\"target\":[\"https:\/\/popcorne-boutique.com\/index.php\/produit\/dessous-de-tasse-fleur-punch-needle\/\"]}]},{\"@type\":\"ImageObject\",\"inLanguage\":\"fr-FR\",\"@id\":\"https:\/\/popcorne-boutique.com\/index.php\/produit\/dessous-de-tasse-fleur-punch-needle\/#primaryimage\",\"url\":\"https:\/\/popcorne-boutique.com\/wp-content\/uploads\/2024\/09\/1000002141.png\",\"contentUrl\":\"https:\/\/popcorne-boutique.com\/wp-content\/uploads\/2024\/09\/1000002141.png\",\"width\":1080,\"height\":1350},{\"@type\":\"BreadcrumbList\",\"@id\":\"https:\/\/popcorne-boutique.com\/index.php\/produit\/dessous-de-tasse-fleur-punch-needle\/#breadcrumb\",\"itemListElement\":[{\"@type\":\"ListItem\",\"position\":1,\"name\":\"Accueil\",\"item\":\"https:\/\/popcorne-boutique.com\/\"},{\"@type\":\"ListItem\",\"position\":2,\"name\":\"Boutique\",\"item\":\"https:\/\/popcorne-boutique.com\/index.php\/boutique\/\"},{\"@type\":\"ListItem\",\"position\":3,\"name\":\"Dessous de tasse Fleur\"}]},{\"@type\":\"WebSite\",\"@id\":\"https:\/\/popcorne-boutique.com\/#website\",\"url\":\"https:\/\/popcorne-boutique.com\/\",\"name\":\"Popcorne\",\"description\":\"\",\"publisher\":{\"@id\":\"https:\/\/popcorne-boutique.com\/#organization\"},\"potentialAction\":[{\"@type\":\"SearchAction\",\"target\":{\"@type\":\"EntryPoint\",\"urlTemplate\":\"https:\/\/popcorne-boutique.com\/?s={search_term_string}\"},\"query-input\":{\"@type\":\"PropertyValueSpecification\",\"valueRequired\":true,\"valueName\":\"search_term_string\"}}],\"inLanguage\":\"fr-FR\"},{\"@type\":\"Organization\",\"@id\":\"https:\/\/popcorne-boutique.com\/#organization\",\"name\":\"Popcorne\",\"url\":\"https:\/\/popcorne-boutique.com\/\",\"logo\":{\"@type\":\"ImageObject\",\"inLanguage\":\"fr-FR\",\"@id\":\"https:\/\/popcorne-boutique.com\/#\/schema\/logo\/image\/\",\"url\":\"https:\/\/popcorne-boutique.com\/wp-content\/uploads\/2024\/10\/Logo-Color-VECTO.svg\",\"contentUrl\":\"https:\/\/popcorne-boutique.com\/wp-content\/uploads\/2024\/10\/Logo-Color-VECTO.svg\",\"caption\":\"Popcorne\"},\"image\":{\"@id\":\"https:\/\/popcorne-boutique.com\/#\/schema\/logo\/image\/\"}}]}<\/script>\n<!-- \/ Yoast SEO plugin. -->","yoast_head_json":{"title":"\ud83c\udf37 Dessous de tasse Fleur - Popcorne Dessous de tasse color\u00e9 et fluffy","description":"D\u00e9coration pour la maison : Dessous de tasse en forme de fleur r\u00e9alis\u00e9 avec la technique du punch needle. Plusieurs coloris disponibles.","robots":{"index":"index","follow":"follow","max-snippet":"max-snippet:-1","max-image-preview":"max-image-preview:large","max-video-preview":"max-video-preview:-1"},"canonical":"https:\/\/popcorne-boutique.com\/index.php\/produit\/dessous-de-tasse-fleur-punch-needle\/","og_locale":"fr_FR","og_type":"article","og_title":"\ud83c\udf37 Dessous de tasse Fleur - Popcorne Dessous de tasse color\u00e9 et fluffy","og_description":"D\u00e9coration pour la maison : Dessous de tasse en forme de fleur r\u00e9alis\u00e9 avec la technique du punch needle. Plusieurs coloris disponibles.","og_url":"https:\/\/popcorne-boutique.com\/index.php\/produit\/dessous-de-tasse-fleur-punch-needle\/","og_site_name":"Popcorne","article_modified_time":"2024-10-12T11:31:56+00:00","og_image":[{"width":819,"height":1024,"url":"https:\/\/popcorne-boutique.com\/wp-content\/uploads\/2024\/09\/1000002141-819x1024.png","type":"image\/png"}],"twitter_card":"summary_large_image","twitter_misc":{"Dur\u00e9e de lecture estim\u00e9e":"1 minute"},"schema":{"@context":"https:\/\/schema.org","@graph":[{"@type":"WebPage","@id":"https:\/\/popcorne-boutique.com\/index.php\/produit\/dessous-de-tasse-fleur-punch-needle\/","url":"https:\/\/popcorne-boutique.com\/index.php\/produit\/dessous-de-tasse-fleur-punch-needle\/","name":"\ud83c\udf37 Dessous de tasse Fleur - Popcorne Dessous de tasse color\u00e9 et fluffy","isPartOf":{"@id":"https:\/\/popcorne-boutique.com\/#website"},"primaryImageOfPage":{"@id":"https:\/\/popcorne-boutique.com\/index.php\/produit\/dessous-de-tasse-fleur-punch-needle\/#primaryimage"},"image":{"@id":"https:\/\/popcorne-boutique.com\/index.php\/produit\/dessous-de-tasse-fleur-punch-needle\/#primaryimage"},"thumbnailUrl":"https:\/\/popcorne-boutique.com\/wp-content\/uploads\/2024\/09\/1000002141.png","datePublished":"2024-09-26T13:38:59+00:00","dateModified":"2024-10-12T11:31:56+00:00","description":"D\u00e9coration pour la maison : Dessous de tasse en forme de fleur r\u00e9alis\u00e9 avec la technique du punch needle. Plusieurs coloris disponibles.","breadcrumb":{"@id":"https:\/\/popcorne-boutique.com\/index.php\/produit\/dessous-de-tasse-fleur-punch-needle\/#breadcrumb"},"inLanguage":"fr-FR","potentialAction":[{"@type":"ReadAction","target":["https:\/\/popcorne-boutique.com\/index.php\/produit\/dessous-de-tasse-fleur-punch-needle\/"]}]},{"@type":"ImageObject","inLanguage":"fr-FR","@id":"https:\/\/popcorne-boutique.com\/index.php\/produit\/dessous-de-tasse-fleur-punch-needle\/#primaryimage","url":"https:\/\/popcorne-boutique.com\/wp-content\/uploads\/2024\/09\/1000002141.png","contentUrl":"https:\/\/popcorne-boutique.com\/wp-content\/uploads\/2024\/09\/1000002141.png","width":1080,"height":1350},{"@type":"BreadcrumbList","@id":"https:\/\/popcorne-boutique.com\/index.php\/produit\/dessous-de-tasse-fleur-punch-needle\/#breadcrumb","itemListElement":[{"@type":"ListItem","position":1,"name":"Accueil","item":"https:\/\/popcorne-boutique.com\/"},{"@type":"ListItem","position":2,"name":"Boutique","item":"https:\/\/popcorne-boutique.com\/index.php\/boutique\/"},{"@type":"ListItem","position":3,"name":"Dessous de tasse Fleur"}]},{"@type":"WebSite","@id":"https:\/\/popcorne-boutique.com\/#website","url":"https:\/\/popcorne-boutique.com\/","name":"Popcorne","description":"","publisher":{"@id":"https:\/\/popcorne-boutique.com\/#organization"},"potentialAction":[{"@type":"SearchAction","target":{"@type":"EntryPoint","urlTemplate":"https:\/\/popcorne-boutique.com\/?s={search_term_string}"},"query-input":{"@type":"PropertyValueSpecification","valueRequired":true,"valueName":"search_term_string"}}],"inLanguage":"fr-FR"},{"@type":"Organization","@id":"https:\/\/popcorne-boutique.com\/#organization","name":"Popcorne","url":"https:\/\/popcorne-boutique.com\/","logo":{"@type":"ImageObject","inLanguage":"fr-FR","@id":"https:\/\/popcorne-boutique.com\/#\/schema\/logo\/image\/","url":"https:\/\/popcorne-boutique.com\/wp-content\/uploads\/2024\/10\/Logo-Color-VECTO.svg","contentUrl":"https:\/\/popcorne-boutique.com\/wp-content\/uploads\/2024\/10\/Logo-Color-VECTO.svg","caption":"Popcorne"},"image":{"@id":"https:\/\/popcorne-boutique.com\/#\/schema\/logo\/image\/"}}]}},"_links":{"self":[{"href":"https:\/\/popcorne-boutique.com\/index.php\/wp-json\/wp\/v2\/product\/606","targetHints":{"allow":["GET"]}}],"collection":[{"href":"https:\/\/popcorne-boutique.com\/index.php\/wp-json\/wp\/v2\/product"}],"about":[{"href":"https:\/\/popcorne-boutique.com\/index.php\/wp-json\/wp\/v2\/types\/product"}],"replies":[{"embeddable":true,"href":"https:\/\/popcorne-boutique.com\/index.php\/wp-json\/wp\/v2\/comments?post=606"}],"wp:featuredmedia":[{"embeddable":true,"href":"https:\/\/popcorne-boutique.com\/index.php\/wp-json\/wp\/v2\/media\/616"}],"wp:attachment":[{"href":"https:\/\/popcorne-boutique.com\/index.php\/wp-json\/wp\/v2\/media?parent=606"}],"wp:term":[{"taxonomy":"product_brand","embeddable":true,"href":"https:\/\/popcorne-boutique.com\/index.php\/wp-json\/wp\/v2\/product_brand?post=606"},{"taxonomy":"product_cat","embeddable":true,"href":"https:\/\/popcorne-boutique.com\/index.php\/wp-json\/wp\/v2\/product_cat?post=606"},{"taxonomy":"product_tag","embeddable":true,"href":"https:\/\/popcorne-boutique.com\/index.php\/wp-json\/wp\/v2\/product_tag?post=606"}],"curies":[{"name":"wp","href":"https:\/\/api.w.org\/{rel}","templated":true}]}}