{"id":896,"date":"2024-10-19T11:47:47","date_gmt":"2024-10-19T09:47:47","guid":{"rendered":"https:\/\/popcorne-boutique.com\/?post_type=product&#038;p=896"},"modified":"2024-10-23T10:34:20","modified_gmt":"2024-10-23T08:34:20","slug":"bonnet-moutarde","status":"publish","type":"product","link":"https:\/\/popcorne-boutique.com\/index.php\/produit\/bonnet-moutarde\/","title":{"rendered":"Bonnet Moutarde"},"content":{"rendered":"<p>Ce bonnet est une pi\u00e8ce unique de couleur moutarde, issue de la seconde main et brod\u00e9 enti\u00e8rement \u00e0 la main pour de lui donner une nouvelle vie.<\/p>\n<p><strong>Retrouve-le sur <a href=\"https:\/\/www.instagram.com\/p\/C53enT0rAQZ\/?hl=fr&amp;img_index=3\">Instagram<\/a> !<\/strong><\/p>\n<p>Le produit vous plait mais n&rsquo;est plus disponible ? Vous pouvez faire une demande de devis via l&rsquo;onglet pr\u00e9vu \u00e0 cet effet pour obtenir votre personnalisation sur-mesure.<br \/>\nLe stock n&rsquo;est pas r\u00e9approvisionn\u00e9 pour les pi\u00e8ces uniques.<\/p>\n<h4><strong>Information avant achat<br \/>\n<\/strong><\/h4>\n<p>Je r\u00e9alise chacune de mes cr\u00e9ation \u00e0 la main. Il se peut donc qu\u2019il y ait de l\u00e9g\u00e8res variations dues au travail manuel et au mat\u00e9riel \u00e0 ma disposition. La composition des fils de broderie est al\u00e9atoire, une majeure partie des fils \u00e9tant de r\u00e9cup.<br \/>\nLes pi\u00e8ces de seconde-main upcycl\u00e9es sont de bonne qualit\u00e9. Cependant, elles ont v\u00e9cu avant d&rsquo;arriver entre mes mains : elles peuvent manifester des signes de leur ancienne vie (\u00e9raflures, d\u00e9coloration, usure..)..<\/p>\n<p>Cet article est destin\u00e9 \u00e0 un public adulte et ne r\u00e9pond pas aux normes de s\u00e9curit\u00e9 r\u00e9glementaires pour les enfants.<\/p>\n<h4><!--more--><strong>Conseils d&rsquo;entretien<br \/>\n<\/strong><\/h4>\n<p>Nettoyage \u00e0 la main recommand\u00e9. Lavage en machine \u00e0 30\u00b0c maximum dans un filet.<br \/>\nNe pas repasser \/ ne pas laisser tremper \/ ne pas mettre au s\u00e8che-linge.<\/p>\n<p>Pour toute question suppl\u00e9mentaire sur le produit, ou pour passer une commande personnalis\u00e9e, n&rsquo;h\u00e9sitez pas \u00e0 me contacter via la rubrique <a href=\"https:\/\/popcorne-boutique.com\/index.php\/contact\/\">Contact<\/a>.<\/p>\n<div id=\"wpforms-52\" class=\"wpforms-container wpforms-container-full wpforms-render-modern\">\n<form class=\"wpforms-validate wpforms-form wpforms-ajax-form\">\n<div class=\"wpforms-submit-container\"><input name=\"page_title\" type=\"hidden\" \/><\/div>\n<\/form>\n<\/div>\n<p><!-- .wpforms-container --><\/p>\n","protected":false},"excerpt":{"rendered":"<p>Ce bonnet est une pi\u00e8ce unique de couleur moutarde, issue de la seconde main et brod\u00e9 enti\u00e8rement \u00e0 la main pour de lui donner une nouvelle vie. Retrouve-le sur Instagram ! Le produit vous plait mais n&rsquo;est plus disponible ? Vous pouvez faire une demande de devis via l&rsquo;onglet pr\u00e9vu \u00e0 cet effet pour obtenir [&hellip;]<\/p>\n","protected":false},"featured_media":899,"comment_status":"open","ping_status":"closed","template":"","meta":{"ocean_post_layout":"full-width","ocean_both_sidebars_style":"","ocean_both_sidebars_content_width":0,"ocean_both_sidebars_sidebars_width":0,"ocean_sidebar":"0","ocean_second_sidebar":"0","ocean_disable_margins":"enable","ocean_add_body_class":"","ocean_shortcode_before_top_bar":"","ocean_shortcode_after_top_bar":"","ocean_shortcode_before_header":"","ocean_shortcode_after_header":"","ocean_has_shortcode":"","ocean_shortcode_after_title":"","ocean_shortcode_before_footer_widgets":"","ocean_shortcode_after_footer_widgets":"","ocean_shortcode_before_footer_bottom":"","ocean_shortcode_after_footer_bottom":"","ocean_display_top_bar":"default","ocean_display_header":"default","ocean_header_style":"","ocean_center_header_left_menu":"0","ocean_custom_header_template":"0","ocean_custom_logo":0,"ocean_custom_retina_logo":0,"ocean_custom_logo_max_width":0,"ocean_custom_logo_tablet_max_width":0,"ocean_custom_logo_mobile_max_width":0,"ocean_custom_logo_max_height":0,"ocean_custom_logo_tablet_max_height":0,"ocean_custom_logo_mobile_max_height":0,"ocean_header_custom_menu":"0","ocean_menu_typo_font_family":"0","ocean_menu_typo_font_subset":"","ocean_menu_typo_font_size":0,"ocean_menu_typo_font_size_tablet":0,"ocean_menu_typo_font_size_mobile":0,"ocean_menu_typo_font_size_unit":"px","ocean_menu_typo_font_weight":"","ocean_menu_typo_font_weight_tablet":"","ocean_menu_typo_font_weight_mobile":"","ocean_menu_typo_transform":"","ocean_menu_typo_transform_tablet":"","ocean_menu_typo_transform_mobile":"","ocean_menu_typo_line_height":0,"ocean_menu_typo_line_height_tablet":0,"ocean_menu_typo_line_height_mobile":0,"ocean_menu_typo_line_height_unit":"","ocean_menu_typo_spacing":0,"ocean_menu_typo_spacing_tablet":0,"ocean_menu_typo_spacing_mobile":0,"ocean_menu_typo_spacing_unit":"","ocean_menu_link_color":"","ocean_menu_link_color_hover":"","ocean_menu_link_color_active":"","ocean_menu_link_background":"","ocean_menu_link_hover_background":"","ocean_menu_link_active_background":"","ocean_menu_social_links_bg":"","ocean_menu_social_hover_links_bg":"","ocean_menu_social_links_color":"","ocean_menu_social_hover_links_color":"","ocean_disable_title":"default","ocean_disable_heading":"default","ocean_post_title":"","ocean_post_subheading":"","ocean_post_title_style":"","ocean_post_title_background_color":"","ocean_post_title_background":0,"ocean_post_title_bg_image_position":"","ocean_post_title_bg_image_attachment":"","ocean_post_title_bg_image_repeat":"","ocean_post_title_bg_image_size":"","ocean_post_title_height":0,"ocean_post_title_bg_overlay":0.5,"ocean_post_title_bg_overlay_color":"","ocean_disable_breadcrumbs":"default","ocean_breadcrumbs_color":"","ocean_breadcrumbs_separator_color":"","ocean_breadcrumbs_links_color":"","ocean_breadcrumbs_links_hover_color":"","ocean_display_footer_widgets":"default","ocean_display_footer_bottom":"default","ocean_custom_footer_template":"0"},"product_brand":[],"product_cat":[17,155,49],"product_tag":[36,63,131,64,65],"class_list":{"0":"post-896","1":"product","2":"type-product","3":"status-publish","4":"has-post-thumbnail","6":"product_cat-accessoires-ethiques-et-responsables","7":"product_cat-accessoire-tete-bonnet-seconde-main-fait-main","8":"product_cat-accessoires-vetements-decorations-automne","9":"product_tag-ethique","10":"product_tag-piece-unique","11":"product_tag-robe","12":"product_tag-seconde-main","13":"product_tag-upcycling","14":"product_shipping_class-colis-intermediaire","16":"entry","17":"has-media","19":"first","20":"instock","21":"sold-individually","22":"purchasable","23":"product-type-simple","24":"has-product-nav","25":"col","26":"span_1_of_5","27":"owp-content-center","28":"owp-thumbs-layout-horizontal","29":"owp-btn-normal","30":"owp-tabs-layout-horizontal","31":"has-no-thumbnails"},"yoast_head":"<!-- This site is optimized with the Yoast SEO plugin v24.3 - https:\/\/yoast.com\/wordpress\/plugins\/seo\/ -->\n<title>\ud83d\udc9b Bonnet moutarde - Popcorne : Brod\u00e9 \u00e0 la main !<\/title>\n<meta name=\"description\" content=\"Bonnet fleuri : Bonnet de seconde main de couleur moutard et brod\u00e9e \u00e0 la main ! Commandez votre cr\u00e9ation artisanale responsable et sur-mesure !\" \/>\n<meta name=\"robots\" content=\"index, follow, max-snippet:-1, max-image-preview:large, max-video-preview:-1\" \/>\n<link rel=\"canonical\" href=\"https:\/\/popcorne-boutique.com\/index.php\/produit\/bonnet-moutarde\/\" \/>\n<meta property=\"og:locale\" content=\"fr_FR\" \/>\n<meta property=\"og:type\" content=\"article\" \/>\n<meta property=\"og:title\" content=\"\ud83d\udc9b Bonnet moutarde - Popcorne : Brod\u00e9 \u00e0 la main !\" \/>\n<meta property=\"og:description\" content=\"Bonnet fleuri : Bonnet de seconde main de couleur moutard et brod\u00e9e \u00e0 la main ! Commandez votre cr\u00e9ation artisanale responsable et sur-mesure !\" \/>\n<meta property=\"og:url\" content=\"https:\/\/popcorne-boutique.com\/index.php\/produit\/bonnet-moutarde\/\" \/>\n<meta property=\"og:site_name\" content=\"Popcorne\" \/>\n<meta property=\"article:modified_time\" content=\"2024-10-23T08:34:20+00:00\" \/>\n<meta property=\"og:image\" content=\"https:\/\/popcorne-boutique.com\/wp-content\/uploads\/2024\/10\/1000001183-819x1024.png\" \/>\n\t<meta property=\"og:image:width\" content=\"819\" \/>\n\t<meta property=\"og:image:height\" content=\"1024\" \/>\n\t<meta property=\"og:image:type\" content=\"image\/png\" \/>\n<meta name=\"twitter:card\" content=\"summary_large_image\" \/>\n<meta name=\"twitter:label1\" content=\"Dur\u00e9e de lecture estim\u00e9e\" \/>\n\t<meta name=\"twitter:data1\" content=\"2 minutes\" \/>\n<script type=\"application\/ld+json\" class=\"yoast-schema-graph\">{\"@context\":\"https:\/\/schema.org\",\"@graph\":[{\"@type\":\"WebPage\",\"@id\":\"https:\/\/popcorne-boutique.com\/index.php\/produit\/bonnet-moutarde\/\",\"url\":\"https:\/\/popcorne-boutique.com\/index.php\/produit\/bonnet-moutarde\/\",\"name\":\"\ud83d\udc9b Bonnet moutarde - Popcorne : Brod\u00e9 \u00e0 la main !\",\"isPartOf\":{\"@id\":\"https:\/\/popcorne-boutique.com\/#website\"},\"primaryImageOfPage\":{\"@id\":\"https:\/\/popcorne-boutique.com\/index.php\/produit\/bonnet-moutarde\/#primaryimage\"},\"image\":{\"@id\":\"https:\/\/popcorne-boutique.com\/index.php\/produit\/bonnet-moutarde\/#primaryimage\"},\"thumbnailUrl\":\"https:\/\/popcorne-boutique.com\/wp-content\/uploads\/2024\/10\/1000001183.png\",\"datePublished\":\"2024-10-19T09:47:47+00:00\",\"dateModified\":\"2024-10-23T08:34:20+00:00\",\"description\":\"Bonnet fleuri : Bonnet de seconde main de couleur moutard et brod\u00e9e \u00e0 la main ! Commandez votre cr\u00e9ation artisanale responsable et sur-mesure !\",\"breadcrumb\":{\"@id\":\"https:\/\/popcorne-boutique.com\/index.php\/produit\/bonnet-moutarde\/#breadcrumb\"},\"inLanguage\":\"fr-FR\",\"potentialAction\":[{\"@type\":\"ReadAction\",\"target\":[\"https:\/\/popcorne-boutique.com\/index.php\/produit\/bonnet-moutarde\/\"]}]},{\"@type\":\"ImageObject\",\"inLanguage\":\"fr-FR\",\"@id\":\"https:\/\/popcorne-boutique.com\/index.php\/produit\/bonnet-moutarde\/#primaryimage\",\"url\":\"https:\/\/popcorne-boutique.com\/wp-content\/uploads\/2024\/10\/1000001183.png\",\"contentUrl\":\"https:\/\/popcorne-boutique.com\/wp-content\/uploads\/2024\/10\/1000001183.png\",\"width\":1080,\"height\":1350},{\"@type\":\"BreadcrumbList\",\"@id\":\"https:\/\/popcorne-boutique.com\/index.php\/produit\/bonnet-moutarde\/#breadcrumb\",\"itemListElement\":[{\"@type\":\"ListItem\",\"position\":1,\"name\":\"Accueil\",\"item\":\"https:\/\/popcorne-boutique.com\/\"},{\"@type\":\"ListItem\",\"position\":2,\"name\":\"Boutique\",\"item\":\"https:\/\/popcorne-boutique.com\/index.php\/boutique\/\"},{\"@type\":\"ListItem\",\"position\":3,\"name\":\"Bonnet Moutarde\"}]},{\"@type\":\"WebSite\",\"@id\":\"https:\/\/popcorne-boutique.com\/#website\",\"url\":\"https:\/\/popcorne-boutique.com\/\",\"name\":\"Popcorne\",\"description\":\"\",\"publisher\":{\"@id\":\"https:\/\/popcorne-boutique.com\/#organization\"},\"potentialAction\":[{\"@type\":\"SearchAction\",\"target\":{\"@type\":\"EntryPoint\",\"urlTemplate\":\"https:\/\/popcorne-boutique.com\/?s={search_term_string}\"},\"query-input\":{\"@type\":\"PropertyValueSpecification\",\"valueRequired\":true,\"valueName\":\"search_term_string\"}}],\"inLanguage\":\"fr-FR\"},{\"@type\":\"Organization\",\"@id\":\"https:\/\/popcorne-boutique.com\/#organization\",\"name\":\"Popcorne\",\"url\":\"https:\/\/popcorne-boutique.com\/\",\"logo\":{\"@type\":\"ImageObject\",\"inLanguage\":\"fr-FR\",\"@id\":\"https:\/\/popcorne-boutique.com\/#\/schema\/logo\/image\/\",\"url\":\"https:\/\/popcorne-boutique.com\/wp-content\/uploads\/2024\/10\/Logo-Color-VECTO.svg\",\"contentUrl\":\"https:\/\/popcorne-boutique.com\/wp-content\/uploads\/2024\/10\/Logo-Color-VECTO.svg\",\"caption\":\"Popcorne\"},\"image\":{\"@id\":\"https:\/\/popcorne-boutique.com\/#\/schema\/logo\/image\/\"}}]}<\/script>\n<!-- \/ Yoast SEO plugin. -->","yoast_head_json":{"title":"\ud83d\udc9b Bonnet moutarde - Popcorne : Brod\u00e9 \u00e0 la main !","description":"Bonnet fleuri : Bonnet de seconde main de couleur moutard et brod\u00e9e \u00e0 la main ! Commandez votre cr\u00e9ation artisanale responsable et sur-mesure !","robots":{"index":"index","follow":"follow","max-snippet":"max-snippet:-1","max-image-preview":"max-image-preview:large","max-video-preview":"max-video-preview:-1"},"canonical":"https:\/\/popcorne-boutique.com\/index.php\/produit\/bonnet-moutarde\/","og_locale":"fr_FR","og_type":"article","og_title":"\ud83d\udc9b Bonnet moutarde - Popcorne : Brod\u00e9 \u00e0 la main !","og_description":"Bonnet fleuri : Bonnet de seconde main de couleur moutard et brod\u00e9e \u00e0 la main ! Commandez votre cr\u00e9ation artisanale responsable et sur-mesure !","og_url":"https:\/\/popcorne-boutique.com\/index.php\/produit\/bonnet-moutarde\/","og_site_name":"Popcorne","article_modified_time":"2024-10-23T08:34:20+00:00","og_image":[{"width":819,"height":1024,"url":"https:\/\/popcorne-boutique.com\/wp-content\/uploads\/2024\/10\/1000001183-819x1024.png","type":"image\/png"}],"twitter_card":"summary_large_image","twitter_misc":{"Dur\u00e9e de lecture estim\u00e9e":"2 minutes"},"schema":{"@context":"https:\/\/schema.org","@graph":[{"@type":"WebPage","@id":"https:\/\/popcorne-boutique.com\/index.php\/produit\/bonnet-moutarde\/","url":"https:\/\/popcorne-boutique.com\/index.php\/produit\/bonnet-moutarde\/","name":"\ud83d\udc9b Bonnet moutarde - Popcorne : Brod\u00e9 \u00e0 la main !","isPartOf":{"@id":"https:\/\/popcorne-boutique.com\/#website"},"primaryImageOfPage":{"@id":"https:\/\/popcorne-boutique.com\/index.php\/produit\/bonnet-moutarde\/#primaryimage"},"image":{"@id":"https:\/\/popcorne-boutique.com\/index.php\/produit\/bonnet-moutarde\/#primaryimage"},"thumbnailUrl":"https:\/\/popcorne-boutique.com\/wp-content\/uploads\/2024\/10\/1000001183.png","datePublished":"2024-10-19T09:47:47+00:00","dateModified":"2024-10-23T08:34:20+00:00","description":"Bonnet fleuri : Bonnet de seconde main de couleur moutard et brod\u00e9e \u00e0 la main ! Commandez votre cr\u00e9ation artisanale responsable et sur-mesure !","breadcrumb":{"@id":"https:\/\/popcorne-boutique.com\/index.php\/produit\/bonnet-moutarde\/#breadcrumb"},"inLanguage":"fr-FR","potentialAction":[{"@type":"ReadAction","target":["https:\/\/popcorne-boutique.com\/index.php\/produit\/bonnet-moutarde\/"]}]},{"@type":"ImageObject","inLanguage":"fr-FR","@id":"https:\/\/popcorne-boutique.com\/index.php\/produit\/bonnet-moutarde\/#primaryimage","url":"https:\/\/popcorne-boutique.com\/wp-content\/uploads\/2024\/10\/1000001183.png","contentUrl":"https:\/\/popcorne-boutique.com\/wp-content\/uploads\/2024\/10\/1000001183.png","width":1080,"height":1350},{"@type":"BreadcrumbList","@id":"https:\/\/popcorne-boutique.com\/index.php\/produit\/bonnet-moutarde\/#breadcrumb","itemListElement":[{"@type":"ListItem","position":1,"name":"Accueil","item":"https:\/\/popcorne-boutique.com\/"},{"@type":"ListItem","position":2,"name":"Boutique","item":"https:\/\/popcorne-boutique.com\/index.php\/boutique\/"},{"@type":"ListItem","position":3,"name":"Bonnet Moutarde"}]},{"@type":"WebSite","@id":"https:\/\/popcorne-boutique.com\/#website","url":"https:\/\/popcorne-boutique.com\/","name":"Popcorne","description":"","publisher":{"@id":"https:\/\/popcorne-boutique.com\/#organization"},"potentialAction":[{"@type":"SearchAction","target":{"@type":"EntryPoint","urlTemplate":"https:\/\/popcorne-boutique.com\/?s={search_term_string}"},"query-input":{"@type":"PropertyValueSpecification","valueRequired":true,"valueName":"search_term_string"}}],"inLanguage":"fr-FR"},{"@type":"Organization","@id":"https:\/\/popcorne-boutique.com\/#organization","name":"Popcorne","url":"https:\/\/popcorne-boutique.com\/","logo":{"@type":"ImageObject","inLanguage":"fr-FR","@id":"https:\/\/popcorne-boutique.com\/#\/schema\/logo\/image\/","url":"https:\/\/popcorne-boutique.com\/wp-content\/uploads\/2024\/10\/Logo-Color-VECTO.svg","contentUrl":"https:\/\/popcorne-boutique.com\/wp-content\/uploads\/2024\/10\/Logo-Color-VECTO.svg","caption":"Popcorne"},"image":{"@id":"https:\/\/popcorne-boutique.com\/#\/schema\/logo\/image\/"}}]}},"_links":{"self":[{"href":"https:\/\/popcorne-boutique.com\/index.php\/wp-json\/wp\/v2\/product\/896","targetHints":{"allow":["GET"]}}],"collection":[{"href":"https:\/\/popcorne-boutique.com\/index.php\/wp-json\/wp\/v2\/product"}],"about":[{"href":"https:\/\/popcorne-boutique.com\/index.php\/wp-json\/wp\/v2\/types\/product"}],"replies":[{"embeddable":true,"href":"https:\/\/popcorne-boutique.com\/index.php\/wp-json\/wp\/v2\/comments?post=896"}],"wp:featuredmedia":[{"embeddable":true,"href":"https:\/\/popcorne-boutique.com\/index.php\/wp-json\/wp\/v2\/media\/899"}],"wp:attachment":[{"href":"https:\/\/popcorne-boutique.com\/index.php\/wp-json\/wp\/v2\/media?parent=896"}],"wp:term":[{"taxonomy":"product_brand","embeddable":true,"href":"https:\/\/popcorne-boutique.com\/index.php\/wp-json\/wp\/v2\/product_brand?post=896"},{"taxonomy":"product_cat","embeddable":true,"href":"https:\/\/popcorne-boutique.com\/index.php\/wp-json\/wp\/v2\/product_cat?post=896"},{"taxonomy":"product_tag","embeddable":true,"href":"https:\/\/popcorne-boutique.com\/index.php\/wp-json\/wp\/v2\/product_tag?post=896"}],"curies":[{"name":"wp","href":"https:\/\/api.w.org\/{rel}","templated":true}]}}