{"id":966,"date":"2024-10-28T14:12:23","date_gmt":"2024-10-28T13:12:23","guid":{"rendered":"https:\/\/popcorne-boutique.com\/?post_type=product&#038;p=966"},"modified":"2024-10-29T18:07:12","modified_gmt":"2024-10-29T17:07:12","slug":"jean-fleurs-peintes","status":"publish","type":"product","link":"https:\/\/popcorne-boutique.com\/index.php\/produit\/jean-fleurs-peintes\/","title":{"rendered":"Jean Toile Fleuri"},"content":{"rendered":"<p>Ce jean est une pi\u00e8ce unique en jean, issue de la seconde main. Afin de lui donner une nouvelle vie, je l&rsquo;ai customis\u00e9 en ajoutant des fleurs peintes sur les cot\u00e9s du jean.<\/p>\n<p><strong>Retrouve-la sur <a href=\"https:\/\/www.instagram.com\/p\/DBgxaVDPdl9\/?utm_source=ig_web_copy_link&amp;igsh=MzRlODBiNWFlZA==\">Instagram<\/a> !<\/strong><\/p>\n<p>Le produit vous plait mais n&rsquo;est plus disponible ? Vous pouvez faire une demande de devis via l&rsquo;onglet pr\u00e9vu \u00e0 cet effet pour obtenir votre personnalisation sur-mesure.<br \/>\nLe stock n&rsquo;est pas r\u00e9approvisionn\u00e9 pour les pi\u00e8ces uniques.<\/p>\n<h3><strong>Information avant achat<br \/>\n<\/strong><\/h3>\n<p>Je r\u00e9alise chacune de mes cr\u00e9ation \u00e0 la main. Il se peut donc qu\u2019il y ait de l\u00e9g\u00e8res variations dues au travail manuel et au mat\u00e9riel \u00e0 ma disposition. La composition des fils de broderie est al\u00e9atoire, une majeure partie des fils \u00e9tant de r\u00e9cup.<br \/>\nLes pi\u00e8ces de seconde-main upcycl\u00e9es sont de bonne qualit\u00e9. Cependant, elles ont v\u00e9cu avant d&rsquo;arriver entre mes mains, et peuvent manifester des signes de leur ancienne vie (\u00e9raflures, d\u00e9coloration, usure..).<\/p>\n<p>Cet article est destin\u00e9 \u00e0 un public adulte et ne r\u00e9pond pas aux normes de s\u00e9curit\u00e9 r\u00e9glementaires pour les enfants.<\/p>\n<h3><!--more--><strong>Conseils d&rsquo;entretien<br \/>\n<\/strong><\/h3>\n<p>Lavage en machine \u00e0 30\u00b0c<br \/>\nRepassage doux \/ ne pas laisser tremper \/ ne pas mettre au s\u00e8che-linge.<\/p>\n<p>Pour toute question suppl\u00e9mentaire sur le produit, ou pour passer une commande personnalis\u00e9e, n&rsquo;h\u00e9sitez pas \u00e0 me contacter via la rubrique <a href=\"https:\/\/popcorne-boutique.com\/index.php\/contact\/\">Contact<\/a>.<\/p>\n","protected":false},"excerpt":{"rendered":"<p>Ce jean est une pi\u00e8ce unique en jean, issue de la seconde main. Afin de lui donner une nouvelle vie, je l&rsquo;ai customis\u00e9 en ajoutant des fleurs peintes sur les cot\u00e9s du jean. Retrouve-la sur Instagram ! Le produit vous plait mais n&rsquo;est plus disponible ? Vous pouvez faire une demande de devis via l&rsquo;onglet [&hellip;]<\/p>\n","protected":false},"featured_media":970,"comment_status":"open","ping_status":"closed","template":"","meta":{"ocean_post_layout":"full-width","ocean_both_sidebars_style":"scs-style","ocean_both_sidebars_content_width":0,"ocean_both_sidebars_sidebars_width":0,"ocean_sidebar":"0","ocean_second_sidebar":"0","ocean_disable_margins":"enable","ocean_add_body_class":"","ocean_shortcode_before_top_bar":"","ocean_shortcode_after_top_bar":"","ocean_shortcode_before_header":"","ocean_shortcode_after_header":"","ocean_has_shortcode":"","ocean_shortcode_after_title":"","ocean_shortcode_before_footer_widgets":"","ocean_shortcode_after_footer_widgets":"","ocean_shortcode_before_footer_bottom":"","ocean_shortcode_after_footer_bottom":"","ocean_display_top_bar":"default","ocean_display_header":"default","ocean_header_style":"","ocean_center_header_left_menu":"0","ocean_custom_header_template":"0","ocean_custom_logo":0,"ocean_custom_retina_logo":0,"ocean_custom_logo_max_width":0,"ocean_custom_logo_tablet_max_width":0,"ocean_custom_logo_mobile_max_width":0,"ocean_custom_logo_max_height":0,"ocean_custom_logo_tablet_max_height":0,"ocean_custom_logo_mobile_max_height":0,"ocean_header_custom_menu":"0","ocean_menu_typo_font_family":"0","ocean_menu_typo_font_subset":"","ocean_menu_typo_font_size":0,"ocean_menu_typo_font_size_tablet":0,"ocean_menu_typo_font_size_mobile":0,"ocean_menu_typo_font_size_unit":"px","ocean_menu_typo_font_weight":"","ocean_menu_typo_font_weight_tablet":"","ocean_menu_typo_font_weight_mobile":"","ocean_menu_typo_transform":"","ocean_menu_typo_transform_tablet":"","ocean_menu_typo_transform_mobile":"","ocean_menu_typo_line_height":0,"ocean_menu_typo_line_height_tablet":0,"ocean_menu_typo_line_height_mobile":0,"ocean_menu_typo_line_height_unit":"","ocean_menu_typo_spacing":0,"ocean_menu_typo_spacing_tablet":0,"ocean_menu_typo_spacing_mobile":0,"ocean_menu_typo_spacing_unit":"","ocean_menu_link_color":"","ocean_menu_link_color_hover":"","ocean_menu_link_color_active":"","ocean_menu_link_background":"","ocean_menu_link_hover_background":"","ocean_menu_link_active_background":"","ocean_menu_social_links_bg":"","ocean_menu_social_hover_links_bg":"","ocean_menu_social_links_color":"","ocean_menu_social_hover_links_color":"","ocean_disable_title":"default","ocean_disable_heading":"default","ocean_post_title":"","ocean_post_subheading":"","ocean_post_title_style":"","ocean_post_title_background_color":"","ocean_post_title_background":0,"ocean_post_title_bg_image_position":"","ocean_post_title_bg_image_attachment":"","ocean_post_title_bg_image_repeat":"","ocean_post_title_bg_image_size":"","ocean_post_title_height":0,"ocean_post_title_bg_overlay":0.5,"ocean_post_title_bg_overlay_color":"","ocean_disable_breadcrumbs":"default","ocean_breadcrumbs_color":"","ocean_breadcrumbs_separator_color":"","ocean_breadcrumbs_links_color":"","ocean_breadcrumbs_links_hover_color":"","ocean_display_footer_widgets":"default","ocean_display_footer_bottom":"default","ocean_custom_footer_template":"0"},"product_brand":[],"product_cat":[39,38,48],"product_tag":[36,174,63,64,65],"class_list":{"0":"post-966","1":"product","2":"type-product","3":"status-publish","4":"has-post-thumbnail","6":"product_cat-vetements-pantalon-short-jupe-collant","7":"product_cat-vetements-et-chaussures","8":"product_cat-accessoires-vetement-decorations-printemps-fleuri","9":"product_tag-ethique","10":"product_tag-jean","11":"product_tag-piece-unique","12":"product_tag-seconde-main","13":"product_tag-upcycling","14":"product_shipping_class-colis-intermediaire","16":"entry","17":"has-media","19":"first","20":"instock","21":"sold-individually","22":"purchasable","23":"product-type-simple","24":"has-product-nav","25":"col","26":"span_1_of_5","27":"owp-content-center","28":"owp-thumbs-layout-horizontal","29":"owp-btn-normal","30":"owp-tabs-layout-horizontal"},"yoast_head":"<!-- This site is optimized with the Yoast SEO plugin v24.3 - https:\/\/yoast.com\/wordpress\/plugins\/seo\/ -->\n<title>\ud83d\udc56 Jean Toile Fleuri - Popcorne : jean customis\u00e9<\/title>\n<meta name=\"description\" content=\"Pi\u00e8ce unique de jean issue de la seconde main, personnalis\u00e9 gr\u00e2ce des fleurs en peinture textile, peintes \u00e0 la main avec amour.\" \/>\n<meta name=\"robots\" content=\"index, follow, max-snippet:-1, max-image-preview:large, max-video-preview:-1\" \/>\n<link rel=\"canonical\" href=\"https:\/\/popcorne-boutique.com\/index.php\/produit\/jean-fleurs-peintes\/\" \/>\n<meta property=\"og:locale\" content=\"fr_FR\" \/>\n<meta property=\"og:type\" content=\"article\" \/>\n<meta property=\"og:title\" content=\"\ud83d\udc56 Jean Toile Fleuri - Popcorne : jean customis\u00e9\" \/>\n<meta property=\"og:description\" content=\"Pi\u00e8ce unique de jean issue de la seconde main, personnalis\u00e9 gr\u00e2ce des fleurs en peinture textile, peintes \u00e0 la main avec amour.\" \/>\n<meta property=\"og:url\" content=\"https:\/\/popcorne-boutique.com\/index.php\/produit\/jean-fleurs-peintes\/\" \/>\n<meta property=\"og:site_name\" content=\"Popcorne\" \/>\n<meta property=\"article:modified_time\" content=\"2024-10-29T17:07:12+00:00\" \/>\n<meta property=\"og:image\" content=\"https:\/\/popcorne-boutique.com\/wp-content\/uploads\/2024\/10\/1000006228-scaled.jpg\" \/>\n\t<meta property=\"og:image:width\" content=\"1635\" \/>\n\t<meta property=\"og:image:height\" content=\"2560\" \/>\n\t<meta property=\"og:image:type\" content=\"image\/jpeg\" \/>\n<meta name=\"twitter:card\" content=\"summary_large_image\" \/>\n<meta name=\"twitter:label1\" content=\"Dur\u00e9e de lecture estim\u00e9e\" \/>\n\t<meta name=\"twitter:data1\" content=\"2 minutes\" \/>\n<script type=\"application\/ld+json\" class=\"yoast-schema-graph\">{\"@context\":\"https:\/\/schema.org\",\"@graph\":[{\"@type\":\"WebPage\",\"@id\":\"https:\/\/popcorne-boutique.com\/index.php\/produit\/jean-fleurs-peintes\/\",\"url\":\"https:\/\/popcorne-boutique.com\/index.php\/produit\/jean-fleurs-peintes\/\",\"name\":\"\ud83d\udc56 Jean Toile Fleuri - Popcorne : jean customis\u00e9\",\"isPartOf\":{\"@id\":\"https:\/\/popcorne-boutique.com\/#website\"},\"primaryImageOfPage\":{\"@id\":\"https:\/\/popcorne-boutique.com\/index.php\/produit\/jean-fleurs-peintes\/#primaryimage\"},\"image\":{\"@id\":\"https:\/\/popcorne-boutique.com\/index.php\/produit\/jean-fleurs-peintes\/#primaryimage\"},\"thumbnailUrl\":\"https:\/\/popcorne-boutique.com\/wp-content\/uploads\/2024\/10\/1000006228-scaled.jpg\",\"datePublished\":\"2024-10-28T13:12:23+00:00\",\"dateModified\":\"2024-10-29T17:07:12+00:00\",\"description\":\"Pi\u00e8ce unique de jean issue de la seconde main, personnalis\u00e9 gr\u00e2ce des fleurs en peinture textile, peintes \u00e0 la main avec amour.\",\"breadcrumb\":{\"@id\":\"https:\/\/popcorne-boutique.com\/index.php\/produit\/jean-fleurs-peintes\/#breadcrumb\"},\"inLanguage\":\"fr-FR\",\"potentialAction\":[{\"@type\":\"ReadAction\",\"target\":[\"https:\/\/popcorne-boutique.com\/index.php\/produit\/jean-fleurs-peintes\/\"]}]},{\"@type\":\"ImageObject\",\"inLanguage\":\"fr-FR\",\"@id\":\"https:\/\/popcorne-boutique.com\/index.php\/produit\/jean-fleurs-peintes\/#primaryimage\",\"url\":\"https:\/\/popcorne-boutique.com\/wp-content\/uploads\/2024\/10\/1000006228-scaled.jpg\",\"contentUrl\":\"https:\/\/popcorne-boutique.com\/wp-content\/uploads\/2024\/10\/1000006228-scaled.jpg\",\"width\":1635,\"height\":2560},{\"@type\":\"BreadcrumbList\",\"@id\":\"https:\/\/popcorne-boutique.com\/index.php\/produit\/jean-fleurs-peintes\/#breadcrumb\",\"itemListElement\":[{\"@type\":\"ListItem\",\"position\":1,\"name\":\"Accueil\",\"item\":\"https:\/\/popcorne-boutique.com\/\"},{\"@type\":\"ListItem\",\"position\":2,\"name\":\"Boutique\",\"item\":\"https:\/\/popcorne-boutique.com\/index.php\/boutique\/\"},{\"@type\":\"ListItem\",\"position\":3,\"name\":\"Jean Toile Fleuri\"}]},{\"@type\":\"WebSite\",\"@id\":\"https:\/\/popcorne-boutique.com\/#website\",\"url\":\"https:\/\/popcorne-boutique.com\/\",\"name\":\"Popcorne\",\"description\":\"\",\"publisher\":{\"@id\":\"https:\/\/popcorne-boutique.com\/#organization\"},\"potentialAction\":[{\"@type\":\"SearchAction\",\"target\":{\"@type\":\"EntryPoint\",\"urlTemplate\":\"https:\/\/popcorne-boutique.com\/?s={search_term_string}\"},\"query-input\":{\"@type\":\"PropertyValueSpecification\",\"valueRequired\":true,\"valueName\":\"search_term_string\"}}],\"inLanguage\":\"fr-FR\"},{\"@type\":\"Organization\",\"@id\":\"https:\/\/popcorne-boutique.com\/#organization\",\"name\":\"Popcorne\",\"url\":\"https:\/\/popcorne-boutique.com\/\",\"logo\":{\"@type\":\"ImageObject\",\"inLanguage\":\"fr-FR\",\"@id\":\"https:\/\/popcorne-boutique.com\/#\/schema\/logo\/image\/\",\"url\":\"https:\/\/popcorne-boutique.com\/wp-content\/uploads\/2024\/10\/Logo-Color-VECTO.svg\",\"contentUrl\":\"https:\/\/popcorne-boutique.com\/wp-content\/uploads\/2024\/10\/Logo-Color-VECTO.svg\",\"caption\":\"Popcorne\"},\"image\":{\"@id\":\"https:\/\/popcorne-boutique.com\/#\/schema\/logo\/image\/\"}}]}<\/script>\n<!-- \/ Yoast SEO plugin. -->","yoast_head_json":{"title":"\ud83d\udc56 Jean Toile Fleuri - Popcorne : jean customis\u00e9","description":"Pi\u00e8ce unique de jean issue de la seconde main, personnalis\u00e9 gr\u00e2ce des fleurs en peinture textile, peintes \u00e0 la main avec amour.","robots":{"index":"index","follow":"follow","max-snippet":"max-snippet:-1","max-image-preview":"max-image-preview:large","max-video-preview":"max-video-preview:-1"},"canonical":"https:\/\/popcorne-boutique.com\/index.php\/produit\/jean-fleurs-peintes\/","og_locale":"fr_FR","og_type":"article","og_title":"\ud83d\udc56 Jean Toile Fleuri - Popcorne : jean customis\u00e9","og_description":"Pi\u00e8ce unique de jean issue de la seconde main, personnalis\u00e9 gr\u00e2ce des fleurs en peinture textile, peintes \u00e0 la main avec amour.","og_url":"https:\/\/popcorne-boutique.com\/index.php\/produit\/jean-fleurs-peintes\/","og_site_name":"Popcorne","article_modified_time":"2024-10-29T17:07:12+00:00","og_image":[{"width":1635,"height":2560,"url":"https:\/\/popcorne-boutique.com\/wp-content\/uploads\/2024\/10\/1000006228-scaled.jpg","type":"image\/jpeg"}],"twitter_card":"summary_large_image","twitter_misc":{"Dur\u00e9e de lecture estim\u00e9e":"2 minutes"},"schema":{"@context":"https:\/\/schema.org","@graph":[{"@type":"WebPage","@id":"https:\/\/popcorne-boutique.com\/index.php\/produit\/jean-fleurs-peintes\/","url":"https:\/\/popcorne-boutique.com\/index.php\/produit\/jean-fleurs-peintes\/","name":"\ud83d\udc56 Jean Toile Fleuri - Popcorne : jean customis\u00e9","isPartOf":{"@id":"https:\/\/popcorne-boutique.com\/#website"},"primaryImageOfPage":{"@id":"https:\/\/popcorne-boutique.com\/index.php\/produit\/jean-fleurs-peintes\/#primaryimage"},"image":{"@id":"https:\/\/popcorne-boutique.com\/index.php\/produit\/jean-fleurs-peintes\/#primaryimage"},"thumbnailUrl":"https:\/\/popcorne-boutique.com\/wp-content\/uploads\/2024\/10\/1000006228-scaled.jpg","datePublished":"2024-10-28T13:12:23+00:00","dateModified":"2024-10-29T17:07:12+00:00","description":"Pi\u00e8ce unique de jean issue de la seconde main, personnalis\u00e9 gr\u00e2ce des fleurs en peinture textile, peintes \u00e0 la main avec amour.","breadcrumb":{"@id":"https:\/\/popcorne-boutique.com\/index.php\/produit\/jean-fleurs-peintes\/#breadcrumb"},"inLanguage":"fr-FR","potentialAction":[{"@type":"ReadAction","target":["https:\/\/popcorne-boutique.com\/index.php\/produit\/jean-fleurs-peintes\/"]}]},{"@type":"ImageObject","inLanguage":"fr-FR","@id":"https:\/\/popcorne-boutique.com\/index.php\/produit\/jean-fleurs-peintes\/#primaryimage","url":"https:\/\/popcorne-boutique.com\/wp-content\/uploads\/2024\/10\/1000006228-scaled.jpg","contentUrl":"https:\/\/popcorne-boutique.com\/wp-content\/uploads\/2024\/10\/1000006228-scaled.jpg","width":1635,"height":2560},{"@type":"BreadcrumbList","@id":"https:\/\/popcorne-boutique.com\/index.php\/produit\/jean-fleurs-peintes\/#breadcrumb","itemListElement":[{"@type":"ListItem","position":1,"name":"Accueil","item":"https:\/\/popcorne-boutique.com\/"},{"@type":"ListItem","position":2,"name":"Boutique","item":"https:\/\/popcorne-boutique.com\/index.php\/boutique\/"},{"@type":"ListItem","position":3,"name":"Jean Toile Fleuri"}]},{"@type":"WebSite","@id":"https:\/\/popcorne-boutique.com\/#website","url":"https:\/\/popcorne-boutique.com\/","name":"Popcorne","description":"","publisher":{"@id":"https:\/\/popcorne-boutique.com\/#organization"},"potentialAction":[{"@type":"SearchAction","target":{"@type":"EntryPoint","urlTemplate":"https:\/\/popcorne-boutique.com\/?s={search_term_string}"},"query-input":{"@type":"PropertyValueSpecification","valueRequired":true,"valueName":"search_term_string"}}],"inLanguage":"fr-FR"},{"@type":"Organization","@id":"https:\/\/popcorne-boutique.com\/#organization","name":"Popcorne","url":"https:\/\/popcorne-boutique.com\/","logo":{"@type":"ImageObject","inLanguage":"fr-FR","@id":"https:\/\/popcorne-boutique.com\/#\/schema\/logo\/image\/","url":"https:\/\/popcorne-boutique.com\/wp-content\/uploads\/2024\/10\/Logo-Color-VECTO.svg","contentUrl":"https:\/\/popcorne-boutique.com\/wp-content\/uploads\/2024\/10\/Logo-Color-VECTO.svg","caption":"Popcorne"},"image":{"@id":"https:\/\/popcorne-boutique.com\/#\/schema\/logo\/image\/"}}]}},"_links":{"self":[{"href":"https:\/\/popcorne-boutique.com\/index.php\/wp-json\/wp\/v2\/product\/966","targetHints":{"allow":["GET"]}}],"collection":[{"href":"https:\/\/popcorne-boutique.com\/index.php\/wp-json\/wp\/v2\/product"}],"about":[{"href":"https:\/\/popcorne-boutique.com\/index.php\/wp-json\/wp\/v2\/types\/product"}],"replies":[{"embeddable":true,"href":"https:\/\/popcorne-boutique.com\/index.php\/wp-json\/wp\/v2\/comments?post=966"}],"wp:featuredmedia":[{"embeddable":true,"href":"https:\/\/popcorne-boutique.com\/index.php\/wp-json\/wp\/v2\/media\/970"}],"wp:attachment":[{"href":"https:\/\/popcorne-boutique.com\/index.php\/wp-json\/wp\/v2\/media?parent=966"}],"wp:term":[{"taxonomy":"product_brand","embeddable":true,"href":"https:\/\/popcorne-boutique.com\/index.php\/wp-json\/wp\/v2\/product_brand?post=966"},{"taxonomy":"product_cat","embeddable":true,"href":"https:\/\/popcorne-boutique.com\/index.php\/wp-json\/wp\/v2\/product_cat?post=966"},{"taxonomy":"product_tag","embeddable":true,"href":"https:\/\/popcorne-boutique.com\/index.php\/wp-json\/wp\/v2\/product_tag?post=966"}],"curies":[{"name":"wp","href":"https:\/\/api.w.org\/{rel}","templated":true}]}}