{"id":981,"date":"2024-10-30T11:16:00","date_gmt":"2024-10-30T10:16:00","guid":{"rendered":"https:\/\/popcorne-boutique.com\/?post_type=product&#038;p=981"},"modified":"2025-05-01T00:03:44","modified_gmt":"2025-04-30T22:03:44","slug":"coussin-citrouille-cocoon","status":"publish","type":"product","link":"https:\/\/popcorne-boutique.com\/index.php\/produit\/coussin-citrouille-cocoon\/","title":{"rendered":"Coussin Citrouille Cocoon"},"content":{"rendered":"<p>Coussin rose, \u00e0 motif ou beige en forme de Citrouille r\u00e9alis\u00e9 \u00e0 la main \u00e0 partir de tissus de upcycl\u00e9 ou de seconde main.<br \/>\nD\u00e9coration collection Automne 2024.<\/p>\n<p>R\u00e9alis\u00e9 avec amour \u2665<\/p>\n<p><strong>Retrouve-les sur <a href=\"https:\/\/www.instagram.com\/p\/DAWF-h4pguT\/?utm_source=ig_web_copy_link&amp;igsh=MzRlODBiNWFlZA==\">Instagram<\/a> !<\/strong><\/p>\n<p>Le produit vous plait mais n&rsquo;est plus disponible ? Vous pouvez faire une demande de devis via l&rsquo;onglet pr\u00e9vu \u00e0 cet effet pour obtenir votre personnalisation sur-mesure.<br \/>\nLe stock n&rsquo;est pas r\u00e9approvisionn\u00e9 pour les pi\u00e8ces uniques.<\/p>\n<h4>Information avant achat<\/h4>\n<p>Les tissus utilis\u00e9s pour r\u00e9aliser mes cr\u00e9ations sont issus de dons, de seconde main, ou de d\u00e9chets de production : ils peuvent donc comporter des d\u00e9colorations, inscriptions, d\u00e9faut de motifs ou de l&rsquo;usure.<\/p>\n<p>Cet article est destin\u00e9 \u00e0 un public adulte et ne r\u00e9pond pas aux normes de s\u00e9curit\u00e9 r\u00e9glementaires pour les enfants.<\/p>\n<h4><!--more--><strong>Conseils d&rsquo;entretien<br \/>\n<\/strong><\/h4>\n<p>Nettoyage \u00e0 la main \/ ne pas immerger \/ ne pas laver en machine.<br \/>\nNe pas repasser \/ ne pas laisser tremper \/ ne pas mettre au s\u00e8che-linge.<\/p>\n<p>Pour toute question suppl\u00e9mentaire sur le produit, ou pour passer une commande personnalis\u00e9e, n&rsquo;h\u00e9sitez pas \u00e0 me contacter via la rubrique <a href=\"https:\/\/popcorne-boutique.com\/index.php\/contact\/\">Contact<\/a>.<br \/>\n<em>Cet article est vendu \u00e0 l&rsquo;unit\u00e9 : pour un prix de lot, contactez-moi !<\/em><\/p>\n","protected":false},"excerpt":{"rendered":"<p>Coussin rose, \u00e0 motif ou beige en forme de Citrouille r\u00e9alis\u00e9 \u00e0 la main \u00e0 partir de tissus de upcycl\u00e9 ou de seconde main. D\u00e9coration collection Automne 2024. R\u00e9alis\u00e9 avec amour \u2665 Retrouve-les sur Instagram ! Le produit vous plait mais n&rsquo;est plus disponible ? Vous pouvez faire une demande de devis via l&rsquo;onglet pr\u00e9vu [&hellip;]<\/p>\n","protected":false},"featured_media":985,"comment_status":"open","ping_status":"closed","template":"","meta":{"ocean_post_layout":"full-width","ocean_both_sidebars_style":"","ocean_both_sidebars_content_width":0,"ocean_both_sidebars_sidebars_width":0,"ocean_sidebar":"0","ocean_second_sidebar":"0","ocean_disable_margins":"enable","ocean_add_body_class":"","ocean_shortcode_before_top_bar":"","ocean_shortcode_after_top_bar":"","ocean_shortcode_before_header":"","ocean_shortcode_after_header":"","ocean_has_shortcode":"","ocean_shortcode_after_title":"","ocean_shortcode_before_footer_widgets":"","ocean_shortcode_after_footer_widgets":"","ocean_shortcode_before_footer_bottom":"","ocean_shortcode_after_footer_bottom":"","ocean_display_top_bar":"default","ocean_display_header":"default","ocean_header_style":"","ocean_center_header_left_menu":"0","ocean_custom_header_template":"0","ocean_custom_logo":0,"ocean_custom_retina_logo":0,"ocean_custom_logo_max_width":0,"ocean_custom_logo_tablet_max_width":0,"ocean_custom_logo_mobile_max_width":0,"ocean_custom_logo_max_height":0,"ocean_custom_logo_tablet_max_height":0,"ocean_custom_logo_mobile_max_height":0,"ocean_header_custom_menu":"0","ocean_menu_typo_font_family":"0","ocean_menu_typo_font_subset":"","ocean_menu_typo_font_size":0,"ocean_menu_typo_font_size_tablet":0,"ocean_menu_typo_font_size_mobile":0,"ocean_menu_typo_font_size_unit":"px","ocean_menu_typo_font_weight":"","ocean_menu_typo_font_weight_tablet":"","ocean_menu_typo_font_weight_mobile":"","ocean_menu_typo_transform":"","ocean_menu_typo_transform_tablet":"","ocean_menu_typo_transform_mobile":"","ocean_menu_typo_line_height":0,"ocean_menu_typo_line_height_tablet":0,"ocean_menu_typo_line_height_mobile":0,"ocean_menu_typo_line_height_unit":"","ocean_menu_typo_spacing":0,"ocean_menu_typo_spacing_tablet":0,"ocean_menu_typo_spacing_mobile":0,"ocean_menu_typo_spacing_unit":"","ocean_menu_link_color":"","ocean_menu_link_color_hover":"","ocean_menu_link_color_active":"","ocean_menu_link_background":"","ocean_menu_link_hover_background":"","ocean_menu_link_active_background":"","ocean_menu_social_links_bg":"","ocean_menu_social_hover_links_bg":"","ocean_menu_social_links_color":"","ocean_menu_social_hover_links_color":"","ocean_disable_title":"default","ocean_disable_heading":"default","ocean_post_title":"","ocean_post_subheading":"","ocean_post_title_style":"","ocean_post_title_background_color":"","ocean_post_title_background":0,"ocean_post_title_bg_image_position":"","ocean_post_title_bg_image_attachment":"","ocean_post_title_bg_image_repeat":"","ocean_post_title_bg_image_size":"","ocean_post_title_height":0,"ocean_post_title_bg_overlay":0.5,"ocean_post_title_bg_overlay_color":"","ocean_disable_breadcrumbs":"default","ocean_breadcrumbs_color":"","ocean_breadcrumbs_separator_color":"","ocean_breadcrumbs_links_color":"","ocean_breadcrumbs_links_hover_color":"","ocean_display_footer_widgets":"default","ocean_display_footer_bottom":"default","ocean_custom_footer_template":"0"},"product_brand":[],"product_cat":[121,51,49],"product_tag":[168,120,111,76],"class_list":{"0":"post-981","1":"product","2":"type-product","3":"status-publish","4":"has-post-thumbnail","6":"product_cat-coussin-fait-main-upcycle","7":"product_cat-articles-maison-et-decoration","8":"product_cat-accessoires-vetements-decorations-automne","9":"product_tag-citrouille","10":"product_tag-coussin","11":"product_tag-decoration","12":"product_tag-fait-main","13":"product_shipping_class-colis-leger","15":"entry","16":"has-media","18":"first","19":"instock","20":"shipping-taxable","21":"purchasable","22":"product-type-variable","23":"has-product-nav","24":"col","25":"span_1_of_5","26":"owp-content-center","27":"owp-thumbs-layout-horizontal","28":"owp-btn-normal","29":"owp-tabs-layout-horizontal"},"yoast_head":"<!-- This site is optimized with the Yoast SEO plugin v24.3 - https:\/\/yoast.com\/wordpress\/plugins\/seo\/ -->\n<title>\ud83c\udf42 Citrouille - Popcorne : Coussins en tissus upcycl\u00e9s<\/title>\n<meta name=\"description\" content=\"D\u00e9coration pour la maison : Coussin color\u00e9 en forme de citrouille r\u00e9alis\u00e9 \u00e0 la main \u00e0 partir de tissus de upcycl\u00e9 ou de seconde main.\" \/>\n<meta name=\"robots\" content=\"index, follow, max-snippet:-1, max-image-preview:large, max-video-preview:-1\" \/>\n<link rel=\"canonical\" href=\"https:\/\/popcorne-boutique.com\/index.php\/produit\/coussin-citrouille-cocoon\/\" \/>\n<meta property=\"og:locale\" content=\"fr_FR\" \/>\n<meta property=\"og:type\" content=\"article\" \/>\n<meta property=\"og:title\" content=\"\ud83c\udf42 Citrouille - Popcorne : Coussins en tissus upcycl\u00e9s\" \/>\n<meta property=\"og:description\" content=\"D\u00e9coration pour la maison : Coussin color\u00e9 en forme de citrouille r\u00e9alis\u00e9 \u00e0 la main \u00e0 partir de tissus de upcycl\u00e9 ou de seconde main.\" \/>\n<meta property=\"og:url\" content=\"https:\/\/popcorne-boutique.com\/index.php\/produit\/coussin-citrouille-cocoon\/\" \/>\n<meta property=\"og:site_name\" content=\"Popcorne\" \/>\n<meta property=\"article:modified_time\" content=\"2025-04-30T22:03:44+00:00\" \/>\n<meta property=\"og:image\" content=\"https:\/\/popcorne-boutique.com\/wp-content\/uploads\/2024\/10\/1000004196-819x1024.png\" \/>\n\t<meta property=\"og:image:width\" content=\"819\" \/>\n\t<meta property=\"og:image:height\" content=\"1024\" \/>\n\t<meta property=\"og:image:type\" content=\"image\/png\" \/>\n<meta name=\"twitter:card\" content=\"summary_large_image\" \/>\n<meta name=\"twitter:label1\" content=\"Dur\u00e9e de lecture estim\u00e9e\" \/>\n\t<meta name=\"twitter:data1\" content=\"2 minutes\" \/>\n<script type=\"application\/ld+json\" class=\"yoast-schema-graph\">{\"@context\":\"https:\/\/schema.org\",\"@graph\":[{\"@type\":\"WebPage\",\"@id\":\"https:\/\/popcorne-boutique.com\/index.php\/produit\/coussin-citrouille-cocoon\/\",\"url\":\"https:\/\/popcorne-boutique.com\/index.php\/produit\/coussin-citrouille-cocoon\/\",\"name\":\"\ud83c\udf42 Citrouille - Popcorne : Coussins en tissus upcycl\u00e9s\",\"isPartOf\":{\"@id\":\"https:\/\/popcorne-boutique.com\/#website\"},\"primaryImageOfPage\":{\"@id\":\"https:\/\/popcorne-boutique.com\/index.php\/produit\/coussin-citrouille-cocoon\/#primaryimage\"},\"image\":{\"@id\":\"https:\/\/popcorne-boutique.com\/index.php\/produit\/coussin-citrouille-cocoon\/#primaryimage\"},\"thumbnailUrl\":\"https:\/\/popcorne-boutique.com\/wp-content\/uploads\/2024\/10\/1000004196.png\",\"datePublished\":\"2024-10-30T10:16:00+00:00\",\"dateModified\":\"2025-04-30T22:03:44+00:00\",\"description\":\"D\u00e9coration pour la maison : Coussin color\u00e9 en forme de citrouille r\u00e9alis\u00e9 \u00e0 la main \u00e0 partir de tissus de upcycl\u00e9 ou de seconde main.\",\"breadcrumb\":{\"@id\":\"https:\/\/popcorne-boutique.com\/index.php\/produit\/coussin-citrouille-cocoon\/#breadcrumb\"},\"inLanguage\":\"fr-FR\",\"potentialAction\":[{\"@type\":\"ReadAction\",\"target\":[\"https:\/\/popcorne-boutique.com\/index.php\/produit\/coussin-citrouille-cocoon\/\"]}]},{\"@type\":\"ImageObject\",\"inLanguage\":\"fr-FR\",\"@id\":\"https:\/\/popcorne-boutique.com\/index.php\/produit\/coussin-citrouille-cocoon\/#primaryimage\",\"url\":\"https:\/\/popcorne-boutique.com\/wp-content\/uploads\/2024\/10\/1000004196.png\",\"contentUrl\":\"https:\/\/popcorne-boutique.com\/wp-content\/uploads\/2024\/10\/1000004196.png\",\"width\":1080,\"height\":1350},{\"@type\":\"BreadcrumbList\",\"@id\":\"https:\/\/popcorne-boutique.com\/index.php\/produit\/coussin-citrouille-cocoon\/#breadcrumb\",\"itemListElement\":[{\"@type\":\"ListItem\",\"position\":1,\"name\":\"Accueil\",\"item\":\"https:\/\/popcorne-boutique.com\/\"},{\"@type\":\"ListItem\",\"position\":2,\"name\":\"Boutique\",\"item\":\"https:\/\/popcorne-boutique.com\/index.php\/boutique\/\"},{\"@type\":\"ListItem\",\"position\":3,\"name\":\"Coussin Citrouille Cocoon\"}]},{\"@type\":\"WebSite\",\"@id\":\"https:\/\/popcorne-boutique.com\/#website\",\"url\":\"https:\/\/popcorne-boutique.com\/\",\"name\":\"Popcorne\",\"description\":\"\",\"publisher\":{\"@id\":\"https:\/\/popcorne-boutique.com\/#organization\"},\"potentialAction\":[{\"@type\":\"SearchAction\",\"target\":{\"@type\":\"EntryPoint\",\"urlTemplate\":\"https:\/\/popcorne-boutique.com\/?s={search_term_string}\"},\"query-input\":{\"@type\":\"PropertyValueSpecification\",\"valueRequired\":true,\"valueName\":\"search_term_string\"}}],\"inLanguage\":\"fr-FR\"},{\"@type\":\"Organization\",\"@id\":\"https:\/\/popcorne-boutique.com\/#organization\",\"name\":\"Popcorne\",\"url\":\"https:\/\/popcorne-boutique.com\/\",\"logo\":{\"@type\":\"ImageObject\",\"inLanguage\":\"fr-FR\",\"@id\":\"https:\/\/popcorne-boutique.com\/#\/schema\/logo\/image\/\",\"url\":\"https:\/\/popcorne-boutique.com\/wp-content\/uploads\/2024\/10\/Logo-Color-VECTO.svg\",\"contentUrl\":\"https:\/\/popcorne-boutique.com\/wp-content\/uploads\/2024\/10\/Logo-Color-VECTO.svg\",\"caption\":\"Popcorne\"},\"image\":{\"@id\":\"https:\/\/popcorne-boutique.com\/#\/schema\/logo\/image\/\"}}]}<\/script>\n<!-- \/ Yoast SEO plugin. -->","yoast_head_json":{"title":"\ud83c\udf42 Citrouille - Popcorne : Coussins en tissus upcycl\u00e9s","description":"D\u00e9coration pour la maison : Coussin color\u00e9 en forme de citrouille r\u00e9alis\u00e9 \u00e0 la main \u00e0 partir de tissus de upcycl\u00e9 ou de seconde main.","robots":{"index":"index","follow":"follow","max-snippet":"max-snippet:-1","max-image-preview":"max-image-preview:large","max-video-preview":"max-video-preview:-1"},"canonical":"https:\/\/popcorne-boutique.com\/index.php\/produit\/coussin-citrouille-cocoon\/","og_locale":"fr_FR","og_type":"article","og_title":"\ud83c\udf42 Citrouille - Popcorne : Coussins en tissus upcycl\u00e9s","og_description":"D\u00e9coration pour la maison : Coussin color\u00e9 en forme de citrouille r\u00e9alis\u00e9 \u00e0 la main \u00e0 partir de tissus de upcycl\u00e9 ou de seconde main.","og_url":"https:\/\/popcorne-boutique.com\/index.php\/produit\/coussin-citrouille-cocoon\/","og_site_name":"Popcorne","article_modified_time":"2025-04-30T22:03:44+00:00","og_image":[{"width":819,"height":1024,"url":"https:\/\/popcorne-boutique.com\/wp-content\/uploads\/2024\/10\/1000004196-819x1024.png","type":"image\/png"}],"twitter_card":"summary_large_image","twitter_misc":{"Dur\u00e9e de lecture estim\u00e9e":"2 minutes"},"schema":{"@context":"https:\/\/schema.org","@graph":[{"@type":"WebPage","@id":"https:\/\/popcorne-boutique.com\/index.php\/produit\/coussin-citrouille-cocoon\/","url":"https:\/\/popcorne-boutique.com\/index.php\/produit\/coussin-citrouille-cocoon\/","name":"\ud83c\udf42 Citrouille - Popcorne : Coussins en tissus upcycl\u00e9s","isPartOf":{"@id":"https:\/\/popcorne-boutique.com\/#website"},"primaryImageOfPage":{"@id":"https:\/\/popcorne-boutique.com\/index.php\/produit\/coussin-citrouille-cocoon\/#primaryimage"},"image":{"@id":"https:\/\/popcorne-boutique.com\/index.php\/produit\/coussin-citrouille-cocoon\/#primaryimage"},"thumbnailUrl":"https:\/\/popcorne-boutique.com\/wp-content\/uploads\/2024\/10\/1000004196.png","datePublished":"2024-10-30T10:16:00+00:00","dateModified":"2025-04-30T22:03:44+00:00","description":"D\u00e9coration pour la maison : Coussin color\u00e9 en forme de citrouille r\u00e9alis\u00e9 \u00e0 la main \u00e0 partir de tissus de upcycl\u00e9 ou de seconde main.","breadcrumb":{"@id":"https:\/\/popcorne-boutique.com\/index.php\/produit\/coussin-citrouille-cocoon\/#breadcrumb"},"inLanguage":"fr-FR","potentialAction":[{"@type":"ReadAction","target":["https:\/\/popcorne-boutique.com\/index.php\/produit\/coussin-citrouille-cocoon\/"]}]},{"@type":"ImageObject","inLanguage":"fr-FR","@id":"https:\/\/popcorne-boutique.com\/index.php\/produit\/coussin-citrouille-cocoon\/#primaryimage","url":"https:\/\/popcorne-boutique.com\/wp-content\/uploads\/2024\/10\/1000004196.png","contentUrl":"https:\/\/popcorne-boutique.com\/wp-content\/uploads\/2024\/10\/1000004196.png","width":1080,"height":1350},{"@type":"BreadcrumbList","@id":"https:\/\/popcorne-boutique.com\/index.php\/produit\/coussin-citrouille-cocoon\/#breadcrumb","itemListElement":[{"@type":"ListItem","position":1,"name":"Accueil","item":"https:\/\/popcorne-boutique.com\/"},{"@type":"ListItem","position":2,"name":"Boutique","item":"https:\/\/popcorne-boutique.com\/index.php\/boutique\/"},{"@type":"ListItem","position":3,"name":"Coussin Citrouille Cocoon"}]},{"@type":"WebSite","@id":"https:\/\/popcorne-boutique.com\/#website","url":"https:\/\/popcorne-boutique.com\/","name":"Popcorne","description":"","publisher":{"@id":"https:\/\/popcorne-boutique.com\/#organization"},"potentialAction":[{"@type":"SearchAction","target":{"@type":"EntryPoint","urlTemplate":"https:\/\/popcorne-boutique.com\/?s={search_term_string}"},"query-input":{"@type":"PropertyValueSpecification","valueRequired":true,"valueName":"search_term_string"}}],"inLanguage":"fr-FR"},{"@type":"Organization","@id":"https:\/\/popcorne-boutique.com\/#organization","name":"Popcorne","url":"https:\/\/popcorne-boutique.com\/","logo":{"@type":"ImageObject","inLanguage":"fr-FR","@id":"https:\/\/popcorne-boutique.com\/#\/schema\/logo\/image\/","url":"https:\/\/popcorne-boutique.com\/wp-content\/uploads\/2024\/10\/Logo-Color-VECTO.svg","contentUrl":"https:\/\/popcorne-boutique.com\/wp-content\/uploads\/2024\/10\/Logo-Color-VECTO.svg","caption":"Popcorne"},"image":{"@id":"https:\/\/popcorne-boutique.com\/#\/schema\/logo\/image\/"}}]}},"_links":{"self":[{"href":"https:\/\/popcorne-boutique.com\/index.php\/wp-json\/wp\/v2\/product\/981","targetHints":{"allow":["GET"]}}],"collection":[{"href":"https:\/\/popcorne-boutique.com\/index.php\/wp-json\/wp\/v2\/product"}],"about":[{"href":"https:\/\/popcorne-boutique.com\/index.php\/wp-json\/wp\/v2\/types\/product"}],"replies":[{"embeddable":true,"href":"https:\/\/popcorne-boutique.com\/index.php\/wp-json\/wp\/v2\/comments?post=981"}],"wp:featuredmedia":[{"embeddable":true,"href":"https:\/\/popcorne-boutique.com\/index.php\/wp-json\/wp\/v2\/media\/985"}],"wp:attachment":[{"href":"https:\/\/popcorne-boutique.com\/index.php\/wp-json\/wp\/v2\/media?parent=981"}],"wp:term":[{"taxonomy":"product_brand","embeddable":true,"href":"https:\/\/popcorne-boutique.com\/index.php\/wp-json\/wp\/v2\/product_brand?post=981"},{"taxonomy":"product_cat","embeddable":true,"href":"https:\/\/popcorne-boutique.com\/index.php\/wp-json\/wp\/v2\/product_cat?post=981"},{"taxonomy":"product_tag","embeddable":true,"href":"https:\/\/popcorne-boutique.com\/index.php\/wp-json\/wp\/v2\/product_tag?post=981"}],"curies":[{"name":"wp","href":"https:\/\/api.w.org\/{rel}","templated":true}]}}